{"id":185,"date":"2018-03-31T17:38:04","date_gmt":"2018-03-31T17:38:04","guid":{"rendered":"https:\/\/frausellkefotografiert.com\/?page_id=185"},"modified":"2020-11-13T22:11:28","modified_gmt":"2020-11-13T21:11:28","slug":"portfolio-2","status":"publish","type":"page","link":"https:\/\/frausellkefotografiert.com\/index.php\/portfolio-2\/","title":{"rendered":"Portfolio"},"content":{"rendered":"<h1 style=\"text-align: center;\">Portfolio<\/h1>\n<div class=\"full-content\">\n<div class=\"portfolio-element grid-content_spacing brighter-background\">\n<h2 style=\"text-align: center;\">Hochzeiten<\/h2>\n<p><a href=\"\/index.php\/portfolio-2\/hochzeitsfotograf-rhein-main\/\"><img decoding=\"async\" class=\"aligncenter wp-image-188 size-large\" src=\"https:\/\/frausellkefotografiert.com\/wp-content\/uploads\/home_portfolio\/Hochzeit-e1522517686662-1024x1024.jpg\" alt=\"\" width=\"525\" height=\"525\" srcset=\"https:\/\/frausellkefotografiert.com\/wp-content\/uploads\/home_portfolio\/Hochzeit-e1522517686662-1024x1024.jpg 1024w, https:\/\/frausellkefotografiert.com\/wp-content\/uploads\/home_portfolio\/Hochzeit-e1522517686662-150x150.jpg 150w, https:\/\/frausellkefotografiert.com\/wp-content\/uploads\/home_portfolio\/Hochzeit-e1522517686662-300x300.jpg 300w, https:\/\/frausellkefotografiert.com\/wp-content\/uploads\/home_portfolio\/Hochzeit-e1522517686662.jpg 1280w\" sizes=\"(max-width: 525px) 100vw, 525px\" \/><\/a><\/p>\n<\/div>\n<div class=\"portfolio-element grid-content_spacing brighter-background\">\n<h2 style=\"text-align: center;\">Babybauch<\/h2>\n<p><a href=\"\/index.php\/portfolio-2\/babybauch-fotograf\/\"><img decoding=\"async\" class=\"aligncenter wp-image-1439 size-large\" src=\"https:\/\/frausellkefotografiert.com\/wp-content\/uploads\/2019\/03\/Lisa-Kai-560_portfolio-1024x1024.jpg\" alt=\"\" width=\"525\" height=\"525\" srcset=\"https:\/\/frausellkefotografiert.com\/wp-content\/uploads\/2019\/03\/Lisa-Kai-560_portfolio-1024x1024.jpg 1024w, https:\/\/frausellkefotografiert.com\/wp-content\/uploads\/2019\/03\/Lisa-Kai-560_portfolio-150x150.jpg 150w, https:\/\/frausellkefotografiert.com\/wp-content\/uploads\/2019\/03\/Lisa-Kai-560_portfolio-300x300.jpg 300w, https:\/\/frausellkefotografiert.com\/wp-content\/uploads\/2019\/03\/Lisa-Kai-560_portfolio-768x768.jpg 768w, https:\/\/frausellkefotografiert.com\/wp-content\/uploads\/2019\/03\/Lisa-Kai-560_portfolio-100x100.jpg 100w, https:\/\/frausellkefotografiert.com\/wp-content\/uploads\/2019\/03\/Lisa-Kai-560_portfolio.jpg 1280w\" sizes=\"(max-width: 525px) 100vw, 525px\" \/><\/a><\/p>\n<\/div>\n<div class=\"portfolio-element grid-content_spacing brighter-background\">\n<h2 style=\"text-align: center;\">Babys<\/h2>\n<p><a href=\"\/index.php\/portfolio-2\/newborn-shooting-in-der-naehe\/\"><img decoding=\"async\" class=\"aligncenter wp-image-982 size-large\" src=\"https:\/\/frausellkefotografiert.com\/wp-content\/uploads\/home_portfolio\/Baby-e1528400220924-1024x1024.jpg\" alt=\"\" width=\"525\" height=\"525\" srcset=\"https:\/\/frausellkefotografiert.com\/wp-content\/uploads\/home_portfolio\/Baby-e1528400220924-1024x1024.jpg 1024w, https:\/\/frausellkefotografiert.com\/wp-content\/uploads\/home_portfolio\/Baby-e1528400220924-150x150.jpg 150w, https:\/\/frausellkefotografiert.com\/wp-content\/uploads\/home_portfolio\/Baby-e1528400220924-300x300.jpg 300w\" sizes=\"(max-width: 525px) 100vw, 525px\" \/><\/a><\/p>\n<\/div>\n<div class=\"portfolio-element grid-content_spacing brighter-background\">\n<h2 style=\"text-align: center;\">Portraits<\/h2>\n<p><a href=\"\/index.php\/portfolio-2\/professionelle-portraitfotos\/\"><img decoding=\"async\" class=\"aligncenter wp-image-1323 size-large\" src=\"https:\/\/frausellkefotografiert.com\/wp-content\/uploads\/2018\/09\/Website-1024x1024.jpg\" alt=\"\" width=\"525\" height=\"525\" srcset=\"https:\/\/frausellkefotografiert.com\/wp-content\/uploads\/2018\/09\/Website-1024x1024.jpg 1024w, https:\/\/frausellkefotografiert.com\/wp-content\/uploads\/2018\/09\/Website-150x150.jpg 150w, https:\/\/frausellkefotografiert.com\/wp-content\/uploads\/2018\/09\/Website-300x300.jpg 300w, https:\/\/frausellkefotografiert.com\/wp-content\/uploads\/2018\/09\/Website-768x769.jpg 768w, https:\/\/frausellkefotografiert.com\/wp-content\/uploads\/2018\/09\/Website-100x100.jpg 100w, https:\/\/frausellkefotografiert.com\/wp-content\/uploads\/2018\/09\/Website.jpg 1280w\" sizes=\"(max-width: 525px) 100vw, 525px\" \/><\/a><\/p>\n<\/div>\n<div class=\"portfolio-element grid-content_spacing brighter-background\">\n<h2 style=\"text-align: center;\">Deine Liebsten<\/h2>\n<p><a href=\"\/index.php\/portfolio-2\/family-fotoshooting\/\"><img decoding=\"async\" class=\"aligncenter wp-image-217 size-large\" src=\"https:\/\/frausellkefotografiert.com\/wp-content\/uploads\/home_portfolio\/Paerchen-e1522519529750-1024x1024.jpg\" alt=\"\" width=\"525\" height=\"525\" srcset=\"https:\/\/frausellkefotografiert.com\/wp-content\/uploads\/home_portfolio\/Paerchen-e1522519529750-1024x1024.jpg 1024w, https:\/\/frausellkefotografiert.com\/wp-content\/uploads\/home_portfolio\/Paerchen-e1522519529750-150x150.jpg 150w, https:\/\/frausellkefotografiert.com\/wp-content\/uploads\/home_portfolio\/Paerchen-e1522519529750-300x300.jpg 300w, https:\/\/frausellkefotografiert.com\/wp-content\/uploads\/home_portfolio\/Paerchen-e1522519529750.jpg 1280w\" sizes=\"(max-width: 525px) 100vw, 525px\" \/><\/a><\/p>\n<\/div>\n<div class=\"portfolio-element grid-content_spacing brighter-background\">\n<h2 class=\"font-500\" style=\"text-align: center;\">Fellnasenliebe<\/h2>\n<p><a href=\"\/index.php\/portfolio-2\/fellnasenliebe\/\"><img decoding=\"async\" class=\"aligncenter wp-image-187 size-large\" src=\"https:\/\/frausellkefotografiert.com\/wp-content\/uploads\/home_portfolio\/Fellnasen-e1522517737402-1024x1024.jpg\" alt=\"\" width=\"525\" height=\"525\" srcset=\"https:\/\/frausellkefotografiert.com\/wp-content\/uploads\/home_portfolio\/Fellnasen-e1522517737402-1024x1024.jpg 1024w, https:\/\/frausellkefotografiert.com\/wp-content\/uploads\/home_portfolio\/Fellnasen-e1522517737402-150x150.jpg 150w, https:\/\/frausellkefotografiert.com\/wp-content\/uploads\/home_portfolio\/Fellnasen-e1522517737402-300x300.jpg 300w, https:\/\/frausellkefotografiert.com\/wp-content\/uploads\/home_portfolio\/Fellnasen-e1522517737402.jpg 1276w\" sizes=\"(max-width: 525px) 100vw, 525px\" \/><\/a><\/p>\n<\/div>\n<div class=\"portfolio-element grid-content_spacing brighter-background\">\n<h2 class=\"font-500\" style=\"text-align: center;\">Aktionstage<\/h2>\n<p><a href=\"\/index.php\/portfolio-2\/aktionstage\/\"><img decoding=\"async\" class=\"aligncenter wp-image-1246 size-large\" src=\"https:\/\/frausellkefotografiert.com\/wp-content\/uploads\/2018\/09\/portfolio_aktionstage-e1536009265703-1024x1024.jpg\" alt=\"\" width=\"525\" height=\"525\" srcset=\"https:\/\/frausellkefotografiert.com\/wp-content\/uploads\/2018\/09\/portfolio_aktionstage-e1536009265703-1024x1024.jpg 1024w, https:\/\/frausellkefotografiert.com\/wp-content\/uploads\/2018\/09\/portfolio_aktionstage-e1536009265703-150x150.jpg 150w, https:\/\/frausellkefotografiert.com\/wp-content\/uploads\/2018\/09\/portfolio_aktionstage-e1536009265703-300x300.jpg 300w\" sizes=\"(max-width: 525px) 100vw, 525px\" \/><\/a><\/p>\n<\/div>\n<\/div>\n<div class=\"full-content\">\n<div class=\"portfolio-element grid-content_spacing brighter-background\"><\/div>\n<\/div>\n","protected":false},"excerpt":{"rendered":"<p>Portfolio Hochzeiten Babybauch Babys Portraits Deine Liebsten Fellnasenliebe Aktionstage<\/p>\n","protected":false},"author":1,"featured_media":0,"parent":0,"menu_order":0,"comment_status":"closed","ping_status":"closed","template":"","meta":{"footnotes":""},"yoast_head":"<!-- This site is optimized with the Yoast SEO plugin v23.3 - https:\/\/yoast.com\/wordpress\/plugins\/seo\/ -->\n<title>Fotograf Rhein Main Gebiet | \u2665 &amp; Kamera | Frau Sellke Fotografiert<\/title>\n<meta name=\"description\" content=\"Suchst du eine \u2713Fotografin im Rhein Main Gebiet? Ich halte f\u00fcr dich deine sch\u00f6nsten Momente fest. Fotos mit Leidenschaft &amp; viel Nat\u00fcrlichkeit\" \/>\n<meta name=\"robots\" content=\"index, follow, max-snippet:-1, max-image-preview:large, max-video-preview:-1\" \/>\n<link rel=\"canonical\" href=\"https:\/\/frausellkefotografiert.com\/index.php\/portfolio-2\/\" \/>\n<meta property=\"og:locale\" content=\"de_DE\" \/>\n<meta property=\"og:type\" content=\"article\" \/>\n<meta property=\"og:title\" content=\"Fotograf Rhein Main Gebiet | \u2665 &amp; Kamera | Frau Sellke Fotografiert\" \/>\n<meta property=\"og:description\" content=\"Suchst du eine \u2713Fotografin im Rhein Main Gebiet? Ich halte f\u00fcr dich deine sch\u00f6nsten Momente fest. Fotos mit Leidenschaft &amp; viel Nat\u00fcrlichkeit\" \/>\n<meta property=\"og:url\" content=\"https:\/\/frausellkefotografiert.com\/index.php\/portfolio-2\/\" \/>\n<meta property=\"og:site_name\" content=\"Frau Sellke Fotografiert\" \/>\n<meta property=\"article:modified_time\" content=\"2020-11-13T21:11:28+00:00\" \/>\n<meta property=\"og:image\" content=\"https:\/\/frausellkefotografiert.com\/wp-content\/uploads\/home_portfolio\/Hochzeit-e1522517686662-1024x1024.jpg\" \/>\n<meta name=\"twitter:card\" content=\"summary_large_image\" \/>\n<script type=\"application\/ld+json\" class=\"yoast-schema-graph\">{\"@context\":\"https:\/\/schema.org\",\"@graph\":[{\"@type\":\"WebPage\",\"@id\":\"https:\/\/frausellkefotografiert.com\/index.php\/portfolio-2\/\",\"url\":\"https:\/\/frausellkefotografiert.com\/index.php\/portfolio-2\/\",\"name\":\"Fotograf Rhein Main Gebiet | \u2665 & Kamera | Frau Sellke Fotografiert\",\"isPartOf\":{\"@id\":\"https:\/\/frausellkefotografiert.com\/#website\"},\"primaryImageOfPage\":{\"@id\":\"https:\/\/frausellkefotografiert.com\/index.php\/portfolio-2\/#primaryimage\"},\"image\":{\"@id\":\"https:\/\/frausellkefotografiert.com\/index.php\/portfolio-2\/#primaryimage\"},\"thumbnailUrl\":\"https:\/\/frausellkefotografiert.com\/wp-content\/uploads\/home_portfolio\/Hochzeit-e1522517686662-1024x1024.jpg\",\"datePublished\":\"2018-03-31T17:38:04+00:00\",\"dateModified\":\"2020-11-13T21:11:28+00:00\",\"description\":\"Suchst du eine \u2713Fotografin im Rhein Main Gebiet? Ich halte f\u00fcr dich deine sch\u00f6nsten Momente fest. Fotos mit Leidenschaft & viel Nat\u00fcrlichkeit\",\"breadcrumb\":{\"@id\":\"https:\/\/frausellkefotografiert.com\/index.php\/portfolio-2\/#breadcrumb\"},\"inLanguage\":\"de-DE\",\"potentialAction\":[{\"@type\":\"ReadAction\",\"target\":[\"https:\/\/frausellkefotografiert.com\/index.php\/portfolio-2\/\"]}]},{\"@type\":\"ImageObject\",\"inLanguage\":\"de-DE\",\"@id\":\"https:\/\/frausellkefotografiert.com\/index.php\/portfolio-2\/#primaryimage\",\"url\":\"https:\/\/frausellkefotografiert.com\/wp-content\/uploads\/home_portfolio\/Hochzeit-e1522517686662.jpg\",\"contentUrl\":\"https:\/\/frausellkefotografiert.com\/wp-content\/uploads\/home_portfolio\/Hochzeit-e1522517686662.jpg\",\"width\":1280,\"height\":1280},{\"@type\":\"BreadcrumbList\",\"@id\":\"https:\/\/frausellkefotografiert.com\/index.php\/portfolio-2\/#breadcrumb\",\"itemListElement\":[{\"@type\":\"ListItem\",\"position\":1,\"name\":\"Startseite\",\"item\":\"https:\/\/frausellkefotografiert.com\/\"},{\"@type\":\"ListItem\",\"position\":2,\"name\":\"Portfolio\"}]},{\"@type\":\"WebSite\",\"@id\":\"https:\/\/frausellkefotografiert.com\/#website\",\"url\":\"https:\/\/frausellkefotografiert.com\/\",\"name\":\"Frau Sellke Fotografiert\",\"description\":\"\u2026 mit Herz und Kamera\",\"publisher\":{\"@id\":\"https:\/\/frausellkefotografiert.com\/#\/schema\/person\/7519c71d629d2596d4e1f75e11e0c3fb\"},\"potentialAction\":[{\"@type\":\"SearchAction\",\"target\":{\"@type\":\"EntryPoint\",\"urlTemplate\":\"https:\/\/frausellkefotografiert.com\/?s={search_term_string}\"},\"query-input\":\"required name=search_term_string\"}],\"inLanguage\":\"de-DE\"},{\"@type\":[\"Person\",\"Organization\"],\"@id\":\"https:\/\/frausellkefotografiert.com\/#\/schema\/person\/7519c71d629d2596d4e1f75e11e0c3fb\",\"name\":\"Mel S\",\"image\":{\"@type\":\"ImageObject\",\"inLanguage\":\"de-DE\",\"@id\":\"https:\/\/frausellkefotografiert.com\/#\/schema\/person\/image\/\",\"url\":\"https:\/\/frausellkefotografiert.com\/wp-content\/uploads\/2020\/10\/Melli-Kamera-1-scaled.jpg\",\"contentUrl\":\"https:\/\/frausellkefotografiert.com\/wp-content\/uploads\/2020\/10\/Melli-Kamera-1-scaled.jpg\",\"width\":1703,\"height\":2560,\"caption\":\"Mel S\"},\"logo\":{\"@id\":\"https:\/\/frausellkefotografiert.com\/#\/schema\/person\/image\/\"}}]}<\/script>\n<!-- \/ Yoast SEO plugin. -->","yoast_head_json":{"title":"Fotograf Rhein Main Gebiet | \u2665 & Kamera | Frau Sellke Fotografiert","description":"Suchst du eine \u2713Fotografin im Rhein Main Gebiet? Ich halte f\u00fcr dich deine sch\u00f6nsten Momente fest. Fotos mit Leidenschaft & viel Nat\u00fcrlichkeit","robots":{"index":"index","follow":"follow","max-snippet":"max-snippet:-1","max-image-preview":"max-image-preview:large","max-video-preview":"max-video-preview:-1"},"canonical":"https:\/\/frausellkefotografiert.com\/index.php\/portfolio-2\/","og_locale":"de_DE","og_type":"article","og_title":"Fotograf Rhein Main Gebiet | \u2665 & Kamera | Frau Sellke Fotografiert","og_description":"Suchst du eine \u2713Fotografin im Rhein Main Gebiet? Ich halte f\u00fcr dich deine sch\u00f6nsten Momente fest. Fotos mit Leidenschaft & viel Nat\u00fcrlichkeit","og_url":"https:\/\/frausellkefotografiert.com\/index.php\/portfolio-2\/","og_site_name":"Frau Sellke Fotografiert","article_modified_time":"2020-11-13T21:11:28+00:00","og_image":[{"url":"https:\/\/frausellkefotografiert.com\/wp-content\/uploads\/home_portfolio\/Hochzeit-e1522517686662-1024x1024.jpg"}],"twitter_card":"summary_large_image","schema":{"@context":"https:\/\/schema.org","@graph":[{"@type":"WebPage","@id":"https:\/\/frausellkefotografiert.com\/index.php\/portfolio-2\/","url":"https:\/\/frausellkefotografiert.com\/index.php\/portfolio-2\/","name":"Fotograf Rhein Main Gebiet | \u2665 & Kamera | Frau Sellke Fotografiert","isPartOf":{"@id":"https:\/\/frausellkefotografiert.com\/#website"},"primaryImageOfPage":{"@id":"https:\/\/frausellkefotografiert.com\/index.php\/portfolio-2\/#primaryimage"},"image":{"@id":"https:\/\/frausellkefotografiert.com\/index.php\/portfolio-2\/#primaryimage"},"thumbnailUrl":"https:\/\/frausellkefotografiert.com\/wp-content\/uploads\/home_portfolio\/Hochzeit-e1522517686662-1024x1024.jpg","datePublished":"2018-03-31T17:38:04+00:00","dateModified":"2020-11-13T21:11:28+00:00","description":"Suchst du eine \u2713Fotografin im Rhein Main Gebiet? Ich halte f\u00fcr dich deine sch\u00f6nsten Momente fest. Fotos mit Leidenschaft & viel Nat\u00fcrlichkeit","breadcrumb":{"@id":"https:\/\/frausellkefotografiert.com\/index.php\/portfolio-2\/#breadcrumb"},"inLanguage":"de-DE","potentialAction":[{"@type":"ReadAction","target":["https:\/\/frausellkefotografiert.com\/index.php\/portfolio-2\/"]}]},{"@type":"ImageObject","inLanguage":"de-DE","@id":"https:\/\/frausellkefotografiert.com\/index.php\/portfolio-2\/#primaryimage","url":"https:\/\/frausellkefotografiert.com\/wp-content\/uploads\/home_portfolio\/Hochzeit-e1522517686662.jpg","contentUrl":"https:\/\/frausellkefotografiert.com\/wp-content\/uploads\/home_portfolio\/Hochzeit-e1522517686662.jpg","width":1280,"height":1280},{"@type":"BreadcrumbList","@id":"https:\/\/frausellkefotografiert.com\/index.php\/portfolio-2\/#breadcrumb","itemListElement":[{"@type":"ListItem","position":1,"name":"Startseite","item":"https:\/\/frausellkefotografiert.com\/"},{"@type":"ListItem","position":2,"name":"Portfolio"}]},{"@type":"WebSite","@id":"https:\/\/frausellkefotografiert.com\/#website","url":"https:\/\/frausellkefotografiert.com\/","name":"Frau Sellke Fotografiert","description":"\u2026 mit Herz und Kamera","publisher":{"@id":"https:\/\/frausellkefotografiert.com\/#\/schema\/person\/7519c71d629d2596d4e1f75e11e0c3fb"},"potentialAction":[{"@type":"SearchAction","target":{"@type":"EntryPoint","urlTemplate":"https:\/\/frausellkefotografiert.com\/?s={search_term_string}"},"query-input":"required name=search_term_string"}],"inLanguage":"de-DE"},{"@type":["Person","Organization"],"@id":"https:\/\/frausellkefotografiert.com\/#\/schema\/person\/7519c71d629d2596d4e1f75e11e0c3fb","name":"Mel S","image":{"@type":"ImageObject","inLanguage":"de-DE","@id":"https:\/\/frausellkefotografiert.com\/#\/schema\/person\/image\/","url":"https:\/\/frausellkefotografiert.com\/wp-content\/uploads\/2020\/10\/Melli-Kamera-1-scaled.jpg","contentUrl":"https:\/\/frausellkefotografiert.com\/wp-content\/uploads\/2020\/10\/Melli-Kamera-1-scaled.jpg","width":1703,"height":2560,"caption":"Mel S"},"logo":{"@id":"https:\/\/frausellkefotografiert.com\/#\/schema\/person\/image\/"}}]}},"jetpack_sharing_enabled":true,"_links":{"self":[{"href":"https:\/\/frausellkefotografiert.com\/index.php\/wp-json\/wp\/v2\/pages\/185"}],"collection":[{"href":"https:\/\/frausellkefotografiert.com\/index.php\/wp-json\/wp\/v2\/pages"}],"about":[{"href":"https:\/\/frausellkefotografiert.com\/index.php\/wp-json\/wp\/v2\/types\/page"}],"author":[{"embeddable":true,"href":"https:\/\/frausellkefotografiert.com\/index.php\/wp-json\/wp\/v2\/users\/1"}],"replies":[{"embeddable":true,"href":"https:\/\/frausellkefotografiert.com\/index.php\/wp-json\/wp\/v2\/comments?post=185"}],"version-history":[{"count":0,"href":"https:\/\/frausellkefotografiert.com\/index.php\/wp-json\/wp\/v2\/pages\/185\/revisions"}],"wp:attachment":[{"href":"https:\/\/frausellkefotografiert.com\/index.php\/wp-json\/wp\/v2\/media?parent=185"}],"curies":[{"name":"wp","href":"https:\/\/api.w.org\/{rel}","templated":true}]}}