{"id":18,"date":"2018-03-13T19:38:27","date_gmt":"2018-03-13T19:38:27","guid":{"rendered":"https:\/\/frausellkefotografiert.com\/?page_id=18"},"modified":"2021-12-13T21:16:10","modified_gmt":"2021-12-13T20:16:10","slug":"kontakt","status":"publish","type":"page","link":"https:\/\/frausellkefotografiert.com\/index.php\/kontakt\/","title":{"rendered":"Kontakt"},"content":{"rendered":"<div class=\"full-content brighter-background\">\n<h2 style=\"text-align: center; width: 100%;\">Kontakt<\/h2>\n<div class=\"inner_about-me grid-content_spacing\">\n<p style=\"text-align: center;\">Lass uns gemeinsam Deinen Moment einfangen und so ein bisschen mehr die Zeit anhalten.<\/p>\n<p style=\"text-align: center;\">Ich freue mich darauf den richtigen Blickwinkel zu finden, um Deinen pers\u00f6nlichen Augenblick festzuhalten.<\/p>\n<p style=\"text-align: center;\">Ich biete Shootings im Bereich Portrait, Paare, Familien, Hochzeiten, Babys und Tiere im Rhein-Main Gebiet an.<\/p>\n<p style=\"text-align: center;\">Eine Preisliste bekommt Ihr gerne auf Anfrage.<\/p>\n<p style=\"text-align: center;\">Ich freue mich auf euch.<\/p>\n<p><img decoding=\"async\" class=\"wp-image-2582  aligncenter\" src=\"https:\/\/frausellkefotografiert.com\/wp-content\/uploads\/2021\/12\/Familie-Visitenkarte-1-300x200.jpg\" alt=\"\" width=\"622\" height=\"414\" srcset=\"https:\/\/frausellkefotografiert.com\/wp-content\/uploads\/2021\/12\/Familie-Visitenkarte-1-300x200.jpg 300w, https:\/\/frausellkefotografiert.com\/wp-content\/uploads\/2021\/12\/Familie-Visitenkarte-1-1024x684.jpg 1024w, https:\/\/frausellkefotografiert.com\/wp-content\/uploads\/2021\/12\/Familie-Visitenkarte-1-1536x1025.jpg 1536w, https:\/\/frausellkefotografiert.com\/wp-content\/uploads\/2021\/12\/Familie-Visitenkarte-1-2048x1367.jpg 2048w\" sizes=\"(max-width: 622px) 100vw, 622px\" \/><\/p>\n<\/div>\n<\/div>\n<div class=\"full-content brighter-background\">\n<div class=\"inner_about-me grid-content_spacing\">\n\n<div class=\"wpcf7 no-js\" id=\"wpcf7-f224-o1\" lang=\"en-US\" dir=\"ltr\">\n<div class=\"screen-reader-response\"><p role=\"status\" aria-live=\"polite\" aria-atomic=\"true\"><\/p> <ul><\/ul><\/div>\n<form action=\"\/index.php\/wp-json\/wp\/v2\/pages\/18#wpcf7-f224-o1\" method=\"post\" class=\"wpcf7-form init\" aria-label=\"Contact form\" novalidate=\"novalidate\" data-status=\"init\">\n<div style=\"display: none;\">\n<input type=\"hidden\" name=\"_wpcf7\" value=\"224\" \/>\n<input type=\"hidden\" name=\"_wpcf7_version\" value=\"5.9.8\" \/>\n<input type=\"hidden\" name=\"_wpcf7_locale\" value=\"en_US\" \/>\n<input type=\"hidden\" name=\"_wpcf7_unit_tag\" value=\"wpcf7-f224-o1\" \/>\n<input type=\"hidden\" name=\"_wpcf7_container_post\" value=\"0\" \/>\n<input type=\"hidden\" name=\"_wpcf7_posted_data_hash\" value=\"\" \/>\n<\/div>\n<p style=\"text-align: center;\"><label> Deine Email Adresse (ben\u00f6tigt)<br \/>\n<span class=\"wpcf7-form-control-wrap\" data-name=\"your-email\"><input size=\"40\" maxlength=\"400\" class=\"wpcf7-form-control wpcf7-email wpcf7-validates-as-required wpcf7-text wpcf7-validates-as-email\" aria-required=\"true\" aria-invalid=\"false\" value=\"\" type=\"email\" name=\"your-email\" \/><\/span> <\/label>\n<\/p>\n<p style=\"text-align: center;\"><label> Dein Name<br \/>\n<span class=\"wpcf7-form-control-wrap\" data-name=\"your-name\"><input size=\"40\" maxlength=\"400\" class=\"wpcf7-form-control wpcf7-text\" aria-invalid=\"false\" value=\"\" type=\"text\" name=\"your-name\" \/><\/span> <\/label>\n<\/p>\n<p style=\"text-align: center;\"><label> Deine Nachricht<br \/>\n<span class=\"wpcf7-form-control-wrap\" data-name=\"your-message\"><textarea cols=\"40\" rows=\"10\" maxlength=\"2000\" class=\"wpcf7-form-control wpcf7-textarea\" aria-invalid=\"false\" name=\"your-message\"><\/textarea><\/span> <\/label>\n<\/p>\n<p style=\"font-weight: 200 !important;\"><span class=\"wpcf7-form-control-wrap\" data-name=\"acceptance-74\"><span class=\"wpcf7-form-control wpcf7-acceptance\"><span class=\"wpcf7-list-item\"><label><input type=\"checkbox\" name=\"acceptance-74\" value=\"1\" aria-invalid=\"false\" \/><span class=\"wpcf7-list-item-label\">Ich stimme zu, dass meine Angaben aus dem Kontaktformular zur Beantwortung meiner Anfrage erhoben und verarbeitet werden. Die Daten werden nach abgeschlossener Bearbeitung Ihrer Anfrage gel\u00f6scht. Hinweis: Sie k\u00f6nnen Ihre Einwilligung jederzeit f\u00fcr die Zukunft per E-Mail an melanie@frausellkefotografiert.com widerrufen. Hiermit geben Sie Ihre Zustimmung zur Datenspeicherung lt.DSGVO. Weitere Informationen gibt es in der <a href=\"\/index.php\/datenschutz\/\" target=\"_blank\">Datenschutzerkl\u00e4rung<\/a>.<\/span><\/label><\/span><\/span><\/span>\n<\/p>\n<p style=\"text-align: center;\"><input class=\"wpcf7-form-control wpcf7-submit has-spinner\" type=\"submit\" value=\"Senden\" \/>\n<\/p><p style=\"display: none !important;\" class=\"akismet-fields-container\" data-prefix=\"_wpcf7_ak_\"><label>&#916;<textarea name=\"_wpcf7_ak_hp_textarea\" cols=\"45\" rows=\"8\" maxlength=\"100\"><\/textarea><\/label><input type=\"hidden\" id=\"ak_js_1\" name=\"_wpcf7_ak_js\" value=\"220\"\/><script>document.getElementById( \"ak_js_1\" ).setAttribute( \"value\", ( new Date() ).getTime() );<\/script><\/p><div class=\"wpcf7-response-output\" aria-hidden=\"true\"><\/div>\n<\/form>\n<\/div>\n\n<\/div>\n<\/div>\n","protected":false},"excerpt":{"rendered":"<p>Kontakt Lass uns gemeinsam Deinen Moment einfangen und so ein bisschen mehr die Zeit anhalten. Ich freue mich darauf den richtigen Blickwinkel zu finden, um Deinen pers\u00f6nlichen Augenblick festzuhalten. Ich biete Shootings im Bereich Portrait, Paare, Familien, Hochzeiten, Babys und Tiere im Rhein-Main Gebiet an. Eine Preisliste bekommt Ihr gerne auf Anfrage. Ich freue mich &hellip; <\/p>\n<p class=\"link-more\"><a href=\"https:\/\/frausellkefotografiert.com\/index.php\/kontakt\/\" class=\"more-link\"><span class=\"screen-reader-text\">\u201eKontakt\u201c <\/span>weiterlesen<\/a><\/p>\n","protected":false},"author":1,"featured_media":0,"parent":0,"menu_order":0,"comment_status":"closed","ping_status":"closed","template":"","meta":{"footnotes":""},"yoast_head":"<!-- This site is optimized with the Yoast SEO plugin v23.3 - https:\/\/yoast.com\/wordpress\/plugins\/seo\/ -->\n<title>Kontakt - Frau Sellke Fotografiert<\/title>\n<meta name=\"robots\" content=\"index, follow, max-snippet:-1, max-image-preview:large, max-video-preview:-1\" \/>\n<link rel=\"canonical\" href=\"https:\/\/frausellkefotografiert.com\/index.php\/kontakt\/\" \/>\n<meta property=\"og:locale\" content=\"de_DE\" \/>\n<meta property=\"og:type\" content=\"article\" \/>\n<meta property=\"og:title\" content=\"Kontakt - Frau Sellke Fotografiert\" \/>\n<meta property=\"og:description\" content=\"Kontakt Lass uns gemeinsam Deinen Moment einfangen und so ein bisschen mehr die Zeit anhalten. Ich freue mich darauf den richtigen Blickwinkel zu finden, um Deinen pers\u00f6nlichen Augenblick festzuhalten. Ich biete Shootings im Bereich Portrait, Paare, Familien, Hochzeiten, Babys und Tiere im Rhein-Main Gebiet an. Eine Preisliste bekommt Ihr gerne auf Anfrage. Ich freue mich &hellip; \u201eKontakt\u201c weiterlesen\" \/>\n<meta property=\"og:url\" content=\"https:\/\/frausellkefotografiert.com\/index.php\/kontakt\/\" \/>\n<meta property=\"og:site_name\" content=\"Frau Sellke Fotografiert\" \/>\n<meta property=\"article:modified_time\" content=\"2021-12-13T20:16:10+00:00\" \/>\n<meta property=\"og:image\" content=\"https:\/\/frausellkefotografiert.com\/wp-content\/uploads\/2021\/12\/Familie-Visitenkarte-1-300x200.jpg\" \/>\n<meta name=\"twitter:card\" content=\"summary_large_image\" \/>\n<meta name=\"twitter:label1\" content=\"Gesch\u00e4tzte Lesezeit\" \/>\n\t<meta name=\"twitter:data1\" content=\"1 Minute\" \/>\n<script type=\"application\/ld+json\" class=\"yoast-schema-graph\">{\"@context\":\"https:\/\/schema.org\",\"@graph\":[{\"@type\":\"WebPage\",\"@id\":\"https:\/\/frausellkefotografiert.com\/index.php\/kontakt\/\",\"url\":\"https:\/\/frausellkefotografiert.com\/index.php\/kontakt\/\",\"name\":\"Kontakt - Frau Sellke Fotografiert\",\"isPartOf\":{\"@id\":\"https:\/\/frausellkefotografiert.com\/#website\"},\"primaryImageOfPage\":{\"@id\":\"https:\/\/frausellkefotografiert.com\/index.php\/kontakt\/#primaryimage\"},\"image\":{\"@id\":\"https:\/\/frausellkefotografiert.com\/index.php\/kontakt\/#primaryimage\"},\"thumbnailUrl\":\"https:\/\/frausellkefotografiert.com\/wp-content\/uploads\/2021\/12\/Familie-Visitenkarte-1-300x200.jpg\",\"datePublished\":\"2018-03-13T19:38:27+00:00\",\"dateModified\":\"2021-12-13T20:16:10+00:00\",\"breadcrumb\":{\"@id\":\"https:\/\/frausellkefotografiert.com\/index.php\/kontakt\/#breadcrumb\"},\"inLanguage\":\"de-DE\",\"potentialAction\":[{\"@type\":\"ReadAction\",\"target\":[\"https:\/\/frausellkefotografiert.com\/index.php\/kontakt\/\"]}]},{\"@type\":\"ImageObject\",\"inLanguage\":\"de-DE\",\"@id\":\"https:\/\/frausellkefotografiert.com\/index.php\/kontakt\/#primaryimage\",\"url\":\"https:\/\/frausellkefotografiert.com\/wp-content\/uploads\/2021\/12\/Familie-Visitenkarte-1-300x200.jpg\",\"contentUrl\":\"https:\/\/frausellkefotografiert.com\/wp-content\/uploads\/2021\/12\/Familie-Visitenkarte-1-300x200.jpg\"},{\"@type\":\"BreadcrumbList\",\"@id\":\"https:\/\/frausellkefotografiert.com\/index.php\/kontakt\/#breadcrumb\",\"itemListElement\":[{\"@type\":\"ListItem\",\"position\":1,\"name\":\"Startseite\",\"item\":\"https:\/\/frausellkefotografiert.com\/\"},{\"@type\":\"ListItem\",\"position\":2,\"name\":\"Kontakt\"}]},{\"@type\":\"WebSite\",\"@id\":\"https:\/\/frausellkefotografiert.com\/#website\",\"url\":\"https:\/\/frausellkefotografiert.com\/\",\"name\":\"Frau Sellke Fotografiert\",\"description\":\"\u2026 mit Herz und Kamera\",\"publisher\":{\"@id\":\"https:\/\/frausellkefotografiert.com\/#\/schema\/person\/7519c71d629d2596d4e1f75e11e0c3fb\"},\"potentialAction\":[{\"@type\":\"SearchAction\",\"target\":{\"@type\":\"EntryPoint\",\"urlTemplate\":\"https:\/\/frausellkefotografiert.com\/?s={search_term_string}\"},\"query-input\":\"required name=search_term_string\"}],\"inLanguage\":\"de-DE\"},{\"@type\":[\"Person\",\"Organization\"],\"@id\":\"https:\/\/frausellkefotografiert.com\/#\/schema\/person\/7519c71d629d2596d4e1f75e11e0c3fb\",\"name\":\"Mel S\",\"image\":{\"@type\":\"ImageObject\",\"inLanguage\":\"de-DE\",\"@id\":\"https:\/\/frausellkefotografiert.com\/#\/schema\/person\/image\/\",\"url\":\"https:\/\/frausellkefotografiert.com\/wp-content\/uploads\/2020\/10\/Melli-Kamera-1-scaled.jpg\",\"contentUrl\":\"https:\/\/frausellkefotografiert.com\/wp-content\/uploads\/2020\/10\/Melli-Kamera-1-scaled.jpg\",\"width\":1703,\"height\":2560,\"caption\":\"Mel S\"},\"logo\":{\"@id\":\"https:\/\/frausellkefotografiert.com\/#\/schema\/person\/image\/\"}}]}<\/script>\n<!-- \/ Yoast SEO plugin. -->","yoast_head_json":{"title":"Kontakt - Frau Sellke Fotografiert","robots":{"index":"index","follow":"follow","max-snippet":"max-snippet:-1","max-image-preview":"max-image-preview:large","max-video-preview":"max-video-preview:-1"},"canonical":"https:\/\/frausellkefotografiert.com\/index.php\/kontakt\/","og_locale":"de_DE","og_type":"article","og_title":"Kontakt - Frau Sellke Fotografiert","og_description":"Kontakt Lass uns gemeinsam Deinen Moment einfangen und so ein bisschen mehr die Zeit anhalten. Ich freue mich darauf den richtigen Blickwinkel zu finden, um Deinen pers\u00f6nlichen Augenblick festzuhalten. Ich biete Shootings im Bereich Portrait, Paare, Familien, Hochzeiten, Babys und Tiere im Rhein-Main Gebiet an. Eine Preisliste bekommt Ihr gerne auf Anfrage. Ich freue mich &hellip; \u201eKontakt\u201c weiterlesen","og_url":"https:\/\/frausellkefotografiert.com\/index.php\/kontakt\/","og_site_name":"Frau Sellke Fotografiert","article_modified_time":"2021-12-13T20:16:10+00:00","og_image":[{"url":"https:\/\/frausellkefotografiert.com\/wp-content\/uploads\/2021\/12\/Familie-Visitenkarte-1-300x200.jpg"}],"twitter_card":"summary_large_image","twitter_misc":{"Gesch\u00e4tzte Lesezeit":"1 Minute"},"schema":{"@context":"https:\/\/schema.org","@graph":[{"@type":"WebPage","@id":"https:\/\/frausellkefotografiert.com\/index.php\/kontakt\/","url":"https:\/\/frausellkefotografiert.com\/index.php\/kontakt\/","name":"Kontakt - Frau Sellke Fotografiert","isPartOf":{"@id":"https:\/\/frausellkefotografiert.com\/#website"},"primaryImageOfPage":{"@id":"https:\/\/frausellkefotografiert.com\/index.php\/kontakt\/#primaryimage"},"image":{"@id":"https:\/\/frausellkefotografiert.com\/index.php\/kontakt\/#primaryimage"},"thumbnailUrl":"https:\/\/frausellkefotografiert.com\/wp-content\/uploads\/2021\/12\/Familie-Visitenkarte-1-300x200.jpg","datePublished":"2018-03-13T19:38:27+00:00","dateModified":"2021-12-13T20:16:10+00:00","breadcrumb":{"@id":"https:\/\/frausellkefotografiert.com\/index.php\/kontakt\/#breadcrumb"},"inLanguage":"de-DE","potentialAction":[{"@type":"ReadAction","target":["https:\/\/frausellkefotografiert.com\/index.php\/kontakt\/"]}]},{"@type":"ImageObject","inLanguage":"de-DE","@id":"https:\/\/frausellkefotografiert.com\/index.php\/kontakt\/#primaryimage","url":"https:\/\/frausellkefotografiert.com\/wp-content\/uploads\/2021\/12\/Familie-Visitenkarte-1-300x200.jpg","contentUrl":"https:\/\/frausellkefotografiert.com\/wp-content\/uploads\/2021\/12\/Familie-Visitenkarte-1-300x200.jpg"},{"@type":"BreadcrumbList","@id":"https:\/\/frausellkefotografiert.com\/index.php\/kontakt\/#breadcrumb","itemListElement":[{"@type":"ListItem","position":1,"name":"Startseite","item":"https:\/\/frausellkefotografiert.com\/"},{"@type":"ListItem","position":2,"name":"Kontakt"}]},{"@type":"WebSite","@id":"https:\/\/frausellkefotografiert.com\/#website","url":"https:\/\/frausellkefotografiert.com\/","name":"Frau Sellke Fotografiert","description":"\u2026 mit Herz und Kamera","publisher":{"@id":"https:\/\/frausellkefotografiert.com\/#\/schema\/person\/7519c71d629d2596d4e1f75e11e0c3fb"},"potentialAction":[{"@type":"SearchAction","target":{"@type":"EntryPoint","urlTemplate":"https:\/\/frausellkefotografiert.com\/?s={search_term_string}"},"query-input":"required name=search_term_string"}],"inLanguage":"de-DE"},{"@type":["Person","Organization"],"@id":"https:\/\/frausellkefotografiert.com\/#\/schema\/person\/7519c71d629d2596d4e1f75e11e0c3fb","name":"Mel S","image":{"@type":"ImageObject","inLanguage":"de-DE","@id":"https:\/\/frausellkefotografiert.com\/#\/schema\/person\/image\/","url":"https:\/\/frausellkefotografiert.com\/wp-content\/uploads\/2020\/10\/Melli-Kamera-1-scaled.jpg","contentUrl":"https:\/\/frausellkefotografiert.com\/wp-content\/uploads\/2020\/10\/Melli-Kamera-1-scaled.jpg","width":1703,"height":2560,"caption":"Mel S"},"logo":{"@id":"https:\/\/frausellkefotografiert.com\/#\/schema\/person\/image\/"}}]}},"jetpack_sharing_enabled":true,"_links":{"self":[{"href":"https:\/\/frausellkefotografiert.com\/index.php\/wp-json\/wp\/v2\/pages\/18"}],"collection":[{"href":"https:\/\/frausellkefotografiert.com\/index.php\/wp-json\/wp\/v2\/pages"}],"about":[{"href":"https:\/\/frausellkefotografiert.com\/index.php\/wp-json\/wp\/v2\/types\/page"}],"author":[{"embeddable":true,"href":"https:\/\/frausellkefotografiert.com\/index.php\/wp-json\/wp\/v2\/users\/1"}],"replies":[{"embeddable":true,"href":"https:\/\/frausellkefotografiert.com\/index.php\/wp-json\/wp\/v2\/comments?post=18"}],"version-history":[{"count":0,"href":"https:\/\/frausellkefotografiert.com\/index.php\/wp-json\/wp\/v2\/pages\/18\/revisions"}],"wp:attachment":[{"href":"https:\/\/frausellkefotografiert.com\/index.php\/wp-json\/wp\/v2\/media?parent=18"}],"curies":[{"name":"wp","href":"https:\/\/api.w.org\/{rel}","templated":true}]}}